{"id":1290,"date":"2019-12-25T18:01:44","date_gmt":"2019-12-25T15:01:44","guid":{"rendered":"https:\/\/begimgil.com.tr\/?page_id=1290"},"modified":"2020-10-02T00:39:33","modified_gmt":"2020-10-01T21:39:33","slug":"kisisel-verilerin-islenmesine-iliskin-aydinlatma-metni","status":"publish","type":"page","link":"https:\/\/begimgil.com.tr\/ar\/kisisel-verilerin-islenmesine-iliskin-aydinlatma-metni\/","title":{"rendered":"K\u0130\u015e\u0130SEL VER\u0130LER\u0130N \u0130\u015eLENMES\u0130NE \u0130L\u0130\u015eK\u0130N AYDINLATMA METN\u0130"},"content":{"rendered":"<p><\/p>\n<p style=\"text-align: right;\">1 \u0627\u0644\u0645\u0642\u062f\u0645\u0629<br \/>\n1.1 \u0646\u062d\u0646 \u0645\u0644\u062a\u0632\u0645\u0648\u0646 \u0628\u062d\u0645\u0627\u064a\u0629 \u062e\u0635\u0648\u0635\u064a\u0629 \u0632\u0648\u0627\u0631 \u0645\u0648\u0642\u0639\u0646\u0627 \u061b \u0641\u064a \u0647\u0630\u0647 \u0627\u0644\u0633\u064a\u0627\u0633\u0629 \u0646\u0648\u0636\u062d \u0643\u064a\u0641 \u0633\u0646\u0633\u062a\u062e\u062f\u0645 \u0645\u0639\u0644\u0648\u0645\u0627\u062a\u0643 \u0627\u0644\u0634\u062e\u0635\u064a\u0629.<\/p>\n<p style=\"text-align: right;\">1.2 \u0628\u0627\u0633\u062a\u062e\u062f\u0627\u0645 \u0645\u0648\u0642\u0639\u0646\u0627 \u0648\u0642\u0628\u0648\u0644 \u0647\u0630\u0647 \u0627\u0644\u0633\u064a\u0627\u0633\u0629 \u060c \u0641\u0625\u0646\u0643 \u062a\u0648\u0627\u0641\u0642 \u0639\u0644\u0649 \u0627\u0633\u062a\u062e\u062f\u0627\u0645\u0646\u0627 \u0644\u0645\u0644\u0641\u0627\u062a \u062a\u0639\u0631\u064a\u0641 \u0627\u0644\u0627\u0631\u062a\u0628\u0627\u0637 \u0648\u0641\u0642\u064b\u0627 \u0644\u0634\u0631\u0648\u0637 \u0647\u0630\u0647 \u0627\u0644\u0633\u064a\u0627\u0633\u0629.<\/p>\n<p style=\"text-align: right;\">2. \u062c\u0645\u0639 \u0627\u0644\u0645\u0639\u0644\u0648\u0645\u0627\u062a \u0627\u0644\u0634\u062e\u0635\u064a\u0629<br \/>\n2.1 \u0642\u062f \u0646\u0642\u0648\u0645 \u0628\u062c\u0645\u0639 \u0648\u062a\u062e\u0632\u064a\u0646 \u0648\u0627\u0633\u062a\u062e\u062f\u0627\u0645 \u0627\u0644\u0645\u0639\u0644\u0648\u0645\u0627\u062a \u0627\u0644\u0634\u062e\u0635\u064a\u0629 \u0627\u0644\u062a\u0627\u0644\u064a\u0629:<\/p>\n<p style=\"text-align: right;\">\u0645\u0639\u0644\u0648\u0645\u0627\u062a \u062d\u0648\u0644 \u062c\u0647\u0627\u0632 \u0627\u0644\u0643\u0645\u0628\u064a\u0648\u062a\u0631 \u0627\u0644\u062e\u0627\u0635 \u0628\u0643 \u0648\u0632\u064a\u0627\u0631\u0627\u062a\u0643 \u0648\u0627\u0633\u062a\u062e\u062f\u0627\u0645 \u0647\u0630\u0627 \u0627\u0644\u0645\u0648\u0642\u0639 (\u0628\u0645\u0627 \u0641\u064a \u0630\u0644\u0643 \u0639\u0646\u0648\u0627\u0646 IP \u0627\u0644\u062e\u0627\u0635 \u0628\u0643 \u060c \u0648\u0627\u0644\u0645\u0648\u0642\u0639 \u0627\u0644\u062c\u063a\u0631\u0627\u0641\u064a \u060c \u0648\u0646\u0648\u0639 \u0627\u0644\u0645\u062a\u0635\u0641\u062d \u0648\u0625\u0635\u062f\u0627\u0631\u0647 \u060c \u0648\u0646\u0638\u0627\u0645 \u0627\u0644\u062a\u0634\u063a\u064a\u0644 \u060c \u0648\u0645\u0635\u062f\u0631 \u0627\u0644\u0625\u062d\u0627\u0644\u0629 \u060c \u0648\u0645\u062f\u0629 \u0627\u0644\u0632\u064a\u0627\u0631\u0629 \u060c \u0648\u0639\u0631\u0648\u0636 \u0627\u0644\u0635\u0641\u062d\u0629 \u060c \u0648\u0645\u0633\u0627\u0631\u0627\u062a \u0627\u0644\u062a\u0646\u0642\u0644 \u0641\u064a \u0645\u0648\u0642\u0639 \u0627\u0644\u0648\u064a\u0628) \u061b<br \/>\n\u0627\u0644\u0645\u0639\u0644\u0648\u0645\u0627\u062a \u0627\u0644\u062a\u064a \u062a\u0632\u0648\u062f\u0646\u0627 \u0628\u0647\u0627 (\u0628\u0645\u0627 \u0641\u064a \u0630\u0644\u0643 \u0627\u0633\u0645\u0643 \u0648\u0639\u0646\u0648\u0627\u0646 \u0628\u0631\u064a\u062f\u0643 \u0627\u0644\u0625\u0644\u0643\u062a\u0631\u0648\u0646\u064a) \u0645\u0646 \u0623\u062c\u0644 \u0627\u0644\u0627\u0634\u062a\u0631\u0627\u0643 \u0641\u064a \u0625\u0634\u0639\u0627\u0631\u0627\u062a \u0627\u0644\u0628\u0631\u064a\u062f \u0627\u0644\u0625\u0644\u0643\u062a\u0631\u0648\u0646\u064a \u0648 \/ \u0623\u0648 \u0627\u0644\u0631\u0633\u0627\u0626\u0644 \u0627\u0644\u0625\u062e\u0628\u0627\u0631\u064a\u0629 \u061b<br \/>\n\u0627\u0644\u0645\u0639\u0644\u0648\u0645\u0627\u062a \u0627\u0644\u062a\u064a \u062a\u0632\u0648\u062f\u0646\u0627 \u0628\u0647\u0627 \u0623\u062b\u0646\u0627\u0621 \u0627\u0633\u062a\u062e\u062f\u0627\u0645 \u0627\u0644\u062e\u062f\u0645\u0627\u062a \u0639\u0644\u0649 \u0645\u0648\u0642\u0639\u0646\u0627 \u0623\u0648 \u0627\u0644\u062a\u064a \u064a\u062a\u0645 \u0625\u0646\u0634\u0627\u0624\u0647\u0627 \u0623\u062b\u0646\u0627\u0621 \u0627\u0633\u062a\u062e\u062f\u0627\u0645 \u0647\u0630\u0647 \u0627\u0644\u062e\u062f\u0645\u0627\u062a (\u0628\u0645\u0627 \u0641\u064a \u0630\u0644\u0643 \u062a\u0648\u0642\u064a\u062a \u0648\u062a\u0643\u0631\u0627\u0631 \u0648\u0637\u0631\u064a\u0642\u0629 \u0627\u0633\u062a\u062e\u062f\u0627\u0645 \u0627\u0644\u062e\u062f\u0645\u0629) \u061b<br \/>\n\u0645\u0639\u0644\u0648\u0645\u0627\u062a \u062d\u0648\u0644 \u0623\u064a \u0645\u0634\u062a\u0631\u064a\u0627\u062a \u062a\u0642\u0648\u0645 \u0628\u0647\u0627 \u0645\u0646 \u0645\u0646\u062a\u062c\u0627\u062a\u0646\u0627 \u0648 \/ \u0623\u0648 \u062e\u062f\u0645\u0627\u062a\u0646\u0627 \u0623\u0648 \u0645\u0639\u0627\u0645\u0644\u0627\u062a \u0623\u062e\u0631\u0649 \u062a\u062c\u0631\u064a\u0647\u0627 \u0639\u0628\u0631 \u0645\u0648\u0642\u0639\u0646\u0627 (\u0628\u0645\u0627 \u0641\u064a \u0630\u0644\u0643 \u0627\u0633\u0645\u0643 \u0648\u0639\u0646\u0648\u0627\u0646\u0643 \u0648\u0631\u0642\u0645 \u0647\u0627\u062a\u0641\u0643 \u0648\u0639\u0646\u0648\u0627\u0646 \u0628\u0631\u064a\u062f\u0643 \u0627\u0644\u0625\u0644\u0643\u062a\u0631\u0648\u0646\u064a \u0648\u0645\u0639\u0644\u0648\u0645\u0627\u062a \u0628\u0637\u0627\u0642\u062a\u0643) \u061b<br \/>\n\u0627\u0644\u0645\u0639\u0644\u0648\u0645\u0627\u062a \u0627\u0644\u062a\u064a \u062a\u0631\u0633\u0644\u0647\u0627 \u0625\u0644\u0649 \u0645\u0648\u0642\u0639\u0646\u0627 \u0627\u0644\u0625\u0644\u0643\u062a\u0631\u0648\u0646\u064a \u0644\u0644\u0646\u0634\u0631 \u0639\u0644\u0649 \u0627\u0644\u0625\u0646\u062a\u0631\u0646\u062a (\u0628\u0645\u0627 \u0641\u064a \u0630\u0644\u0643 \u0627\u0633\u0645 \u0627\u0644\u0645\u0633\u062a\u062e\u062f\u0645 \u0627\u0644\u062e\u0627\u0635 \u0628\u0643 \u060c \u0648\u0635\u0648\u0631 \u0645\u0644\u0641\u0643 \u0627\u0644\u0634\u062e\u0635\u064a \u060c \u0648\u0645\u062d\u062a\u0648\u0649 \u0645\u0646\u0634\u0648\u0631\u0627\u062a\u0643) \u061b<br \/>\n\u0627\u0644\u0645\u0639\u0644\u0648\u0645\u0627\u062a \u0627\u0644\u0648\u0627\u0631\u062f\u0629 \u0641\u064a \u0623\u0648 \u0627\u0644\u0645\u062a\u0639\u0644\u0642\u0629 \u0628\u0623\u064a \u0627\u062a\u0635\u0627\u0644 \u062a\u0631\u0633\u0644\u0647 \u0625\u0644\u064a\u0646\u0627 \u0623\u0648 \u0645\u0646 \u062e\u0644\u0627\u0644 \u0645\u0648\u0642\u0639\u0646\u0627 (\u0628\u0645\u0627 \u0641\u064a \u0630\u0644\u0643 \u0645\u062d\u062a\u0648\u0649 \u0627\u0644\u0627\u062a\u0635\u0627\u0644 \u0648\u0627\u0644\u0628\u064a\u0627\u0646\u0627\u062a \u0627\u0644\u0648\u0635\u0641\u064a\u0629 \u0627\u0644\u0645\u062a\u0639\u0644\u0642\u0629 \u0628\u0627\u0644\u0627\u062a\u0635\u0627\u0644\u0627\u062a) \u061b \u0648<br \/>\n\u0623\u064a \u0645\u0639\u0644\u0648\u0645\u0627\u062a \u0634\u062e\u0635\u064a\u0629 \u0623\u062e\u0631\u0649 \u062a\u062e\u062a\u0627\u0631 \u0625\u0631\u0633\u0627\u0644\u0647\u0627 \u0625\u0644\u064a\u0646\u0627.<br \/>\n2.2 \u0642\u0628\u0644 \u0627\u0644\u0643\u0634\u0641 \u0639\u0646 \u0627\u0644\u0645\u0639\u0644\u0648\u0645\u0627\u062a \u0627\u0644\u0634\u062e\u0635\u064a\u0629 \u0644\u0634\u062e\u0635 \u0622\u062e\u0631 \u0644\u0646\u0627 \u060c \u064a\u062c\u0628 \u0639\u0644\u064a\u0643 \u0627\u0644\u062d\u0635\u0648\u0644 \u0639\u0644\u0649 \u0645\u0648\u0627\u0641\u0642\u0629 \u0647\u0630\u0627 \u0627\u0644\u0634\u062e\u0635 \u0644\u0643\u0634\u0641 \u0648\u0645\u0639\u0627\u0644\u062c\u0629 \u062a\u0644\u0643 \u0627\u0644\u0645\u0639\u0644\u0648\u0645\u0627\u062a \u0627\u0644\u0634\u062e\u0635\u064a\u0629 \u0648\u0641\u0642\u064b\u0627 \u0644\u0647\u0630\u0647 \u0627\u0644\u0633\u064a\u0627\u0633\u0629.<\/p>\n<p style=\"text-align: right;\">3. \u0627\u0633\u062a\u062e\u062f\u0627\u0645 \u0627\u0644\u0645\u0639\u0644\u0648\u0645\u0627\u062a \u0627\u0644\u0634\u062e\u0635\u064a\u0629<br \/>\n3.1 \u0633\u064a\u062a\u0645 \u0627\u0633\u062a\u062e\u062f\u0627\u0645 \u0627\u0644\u0645\u0639\u0644\u0648\u0645\u0627\u062a \u0627\u0644\u0634\u062e\u0635\u064a\u0629 \u0627\u0644\u0645\u0642\u062f\u0645\u0629 \u0625\u0644\u064a\u0646\u0627 \u0639\u0628\u0631 \u0645\u0648\u0642\u0639\u0646\u0627 \u0627\u0644\u0625\u0644\u0643\u062a\u0631\u0648\u0646\u064a \u0644\u0644\u0623\u063a\u0631\u0627\u0636 \u0627\u0644\u0645\u062d\u062f\u062f\u0629 \u0641\u064a \u0647\u0630\u0647 \u0627\u0644\u0633\u064a\u0627\u0633\u0629 \u0623\u0648 \u0639\u0644\u0649 \u0627\u0644\u0635\u0641\u062d\u0627\u062a \u0630\u0627\u062a \u0627\u0644\u0635\u0644\u0629 \u0628\u0627\u0644\u0645\u0648\u0642\u0639.<\/p>\n<p style=\"text-align: right;\">3.2 \u064a\u062c\u0648\u0632 \u0644\u0646\u0627 \u0627\u0633\u062a\u062e\u062f\u0627\u0645 \u0645\u0639\u0644\u0648\u0645\u0627\u062a\u0643 \u0627\u0644\u0634\u062e\u0635\u064a\u0629 \u0644\u0644\u0623\u063a\u0631\u0627\u0636 \u0627\u0644\u062a\u0627\u0644\u064a\u0629:<\/p>\n<p style=\"text-align: right;\">\u0625\u062f\u0627\u0631\u0629 \u0645\u0648\u0642\u0639\u0646\u0627 \u0648\u0623\u0639\u0645\u0627\u0644\u0646\u0627 \u061b<br \/>\n\u062a\u062e\u0635\u064a\u0635 \u0645\u0648\u0642\u0639\u0646\u0627 \u0644\u0643 \u061b<br \/>\n\u062a\u0645\u0643\u064a\u0646\u0643 \u0645\u0646 \u0627\u0633\u062a\u062e\u062f\u0627\u0645 \u0627\u0644\u062e\u062f\u0645\u0627\u062a \u0627\u0644\u0645\u062a\u0627\u062d\u0629 \u0639\u0644\u0649 \u0645\u0648\u0642\u0639\u0646\u0627 \u061b<br \/>\n\u0625\u0631\u0633\u0627\u0644 \u0627\u0644\u0645\u0646\u062a\u062c\u0627\u062a \u0627\u0644\u062a\u064a \u062a\u0645 \u0634\u0631\u0627\u0624\u0647\u0627 \u0645\u0646 \u062e\u0644\u0627\u0644 \u0645\u0648\u0642\u0639\u0646\u0627 \u0627\u0644\u0625\u0644\u0643\u062a\u0631\u0648\u0646\u064a \u0625\u0644\u064a\u0643 \u061b<br \/>\n\u0644\u062a\u0632\u0648\u064a\u062f\u0643 \u0628\u0627\u0644\u062e\u062f\u0645\u0627\u062a \u0627\u0644\u062a\u064a \u062a\u0634\u062a\u0631\u064a\u0647\u0627 \u0639\u0628\u0631 \u0645\u0648\u0642\u0639\u0646\u0627 \u0627\u0644\u0625\u0644\u0643\u062a\u0631\u0648\u0646\u064a \u061b<br \/>\n\u0644\u0625\u0631\u0633\u0627\u0644 \u0643\u0634\u0648\u0641\u0627\u062a \u0627\u0644\u062d\u0633\u0627\u0628 \u060c \u0648\u0627\u0644\u0641\u0648\u0627\u062a\u064a\u0631 \u060c \u0648\u062a\u0630\u0643\u064a\u0631\u0627\u062a \u0627\u0644\u062f\u0641\u0639 \u0625\u0644\u064a\u0643 \u0648\u0627\u0633\u062a\u0644\u0627\u0645 \u0627\u0644\u0645\u062f\u0641\u0648\u0639\u0627\u062a \u0645\u0646\u0643 \u061b<br \/>\n\u0625\u0631\u0633\u0627\u0644 \u0631\u0633\u0627\u0626\u0644 \u062a\u062c\u0627\u0631\u064a\u0629 \u063a\u064a\u0631 \u062a\u0633\u0648\u064a\u0642\u064a\u0629 \u0625\u0644\u064a\u0643 \u061b<br \/>\n\u0625\u0631\u0633\u0627\u0644 \u0625\u0634\u0639\u0627\u0631\u0627\u062a \u0627\u0644\u0628\u0631\u064a\u062f \u0627\u0644\u0625\u0644\u0643\u062a\u0631\u0648\u0646\u064a \u0627\u0644\u062a\u064a \u062a\u0637\u0644\u0628\u0647\u0627 \u0639\u0644\u0649 \u0648\u062c\u0647 \u0627\u0644\u062a\u062d\u062f\u064a\u062f \u061b<br \/>\n\u0625\u0631\u0633\u0627\u0644 \u0627\u0644\u0646\u0634\u0631\u0629 \u0627\u0644\u0625\u062e\u0628\u0627\u0631\u064a\u0629 \u0639\u0628\u0631 \u0627\u0644\u0628\u0631\u064a\u062f \u0627\u0644\u0625\u0644\u0643\u062a\u0631\u0648\u0646\u064a \u0625\u0644\u064a\u0643 \u0625\u0630\u0627 \u0637\u0644\u0628\u062a \u0630\u0644\u0643 (\u064a\u0645\u0643\u0646\u0643 \u0625\u0628\u0644\u0627\u063a\u0646\u0627 \u0641\u064a \u0623\u064a \u0648\u0642\u062a \u0625\u0630\u0627 \u0644\u0645 \u062a\u0639\u062f \u0628\u062d\u0627\u062c\u0629 \u0625\u0644\u0649 \u0627\u0644\u0646\u0634\u0631\u0629 \u0627\u0644\u0625\u062e\u0628\u0627\u0631\u064a\u0629) \u061b<br \/>\n\u064a\u0645\u0643\u0646\u0643 \u0623\u0646 \u062a\u0631\u0633\u0644 \u0644\u0643 \u0645\u0631\u0627\u0633\u0644\u0627\u062a \u062a\u0633\u0648\u064a\u0642\u064a\u0629 \u062a\u062a\u0639\u0644\u0642 \u0628\u0623\u0639\u0645\u0627\u0644\u0646\u0627 \u0623\u0648 \u0628\u0634\u0624\u0648\u0646 \u0627\u0644\u0623\u0637\u0631\u0627\u0641 \u0627\u0644\u062b\u0627\u0644\u062b\u0629 \u0627\u0644\u0645\u062e\u062a\u0627\u0631\u0629 \u0628\u0639\u0646\u0627\u064a\u0629 \u0648\u0627\u0644\u062a\u064a \u0646\u0639\u062a\u0642\u062f \u0623\u0646\u0647\u0627 \u0642\u062f \u062a\u0647\u0645\u0643 \u0639\u0646 \u0637\u0631\u064a\u0642 \u0627\u0644\u0628\u0631\u064a\u062f \u0623\u0648 \u060c \u0641\u064a \u062d\u0627\u0644\u0629 \u0645\u0648\u0627\u0641\u0642\u062a\u0643 \u0628\u0634\u0643\u0644 \u062e\u0627\u0635 \u0639\u0644\u0649 \u0630\u0644\u0643 \u060c \u0639\u0646 \u0637\u0631\u064a\u0642 \u0627\u0644\u0628\u0631\u064a\u062f \u0627\u0644\u0625\u0644\u0643\u062a\u0631\u0648\u0646\u064a \u0623\u0648 \u0627\u0644\u062a\u0642\u0646\u064a\u0627\u062a \u0627\u0644\u0645\u0645\u0627\u062b\u0644\u0629 (\u064a\u0645\u0643\u0646\u0643 \u0625\u0628\u0644\u0627\u063a\u0646\u0627 \u0641\u064a \u0623\u064a \u0648\u0642\u062a \u0625\u0630\u0627 \u0644\u0645 \u062a\u0639\u062f \u0628\u062d\u0627\u062c\u0629 \u0625\u0644\u0649 \u0627\u062a\u0635\u0627\u0644\u0627\u062a \u062a\u0633\u0648\u064a\u0642\u064a\u0629) \u061b<br \/>\n\u062a\u0632\u0648\u064a\u062f \u0627\u0644\u0623\u0637\u0631\u0627\u0641 \u0627\u0644\u062b\u0627\u0644\u062b\u0629 \u0628\u0645\u0639\u0644\u0648\u0645\u0627\u062a \u0625\u062d\u0635\u0627\u0626\u064a\u0629 \u062d\u0648\u0644 \u0645\u0633\u062a\u062e\u062f\u0645\u064a\u0646\u0627 (\u0639\u0644\u0649 \u0627\u0644\u0631\u063a\u0645 \u0645\u0646 \u0623\u0646 \u0647\u0630\u0647 \u0627\u0644\u0623\u0637\u0631\u0627\u0641 \u0627\u0644\u062b\u0627\u0644\u062b\u0629 \u0644\u0646 \u062a\u0643\u0648\u0646 \u0642\u0627\u062f\u0631\u0629 \u0639\u0644\u0649 \u062a\u062d\u062f\u064a\u062f \u0623\u064a \u0645\u0633\u062a\u062e\u062f\u0645\u064a\u0646 \u0641\u0631\u062f\u064a\u064a\u0646 \u0645\u0646 \u0647\u0630\u0647 \u0627\u0644\u0645\u0639\u0644\u0648\u0645\u0627\u062a) \u061b<br \/>\n\u0627\u0644\u062a\u0639\u0627\u0645\u0644 \u0645\u0639 \u0627\u0644\u0627\u0633\u062a\u0641\u0633\u0627\u0631\u0627\u062a \u0648\u0627\u0644\u0634\u0643\u0627\u0648\u0649 \u0627\u0644\u0645\u0642\u062f\u0645\u0629 \u0645\u0646\u0643 \u0623\u0648 \u0627\u0644\u0645\u0642\u062f\u0645\u0629 \u0645\u0646\u0643 \u0628\u062e\u0635\u0648\u0635 \u0645\u0648\u0642\u0639\u0646\u0627 \u061b<br \/>\n\u0627\u0644\u062d\u0641\u0627\u0638 \u0639\u0644\u0649 \u0645\u0648\u0642\u0639\u0646\u0627 \u0622\u0645\u0646\u064b\u0627 \u0648\u0645\u0646\u0639 \u0627\u0644\u0627\u062d\u062a\u064a\u0627\u0644 \u061b \u0648<br \/>\n\u062a\u062d\u0642\u0642 \u0645\u0646 \u0627\u0644\u0627\u0645\u062a\u062b\u0627\u0644 \u0644\u0644\u0634\u0631\u0648\u0637 \u0648\u0627\u0644\u0623\u062d\u0643\u0627\u0645 \u0627\u0644\u062a\u064a \u062a\u062d\u0643\u0645 \u0627\u0633\u062a\u062e\u062f\u0627\u0645 \u0645\u0648\u0642\u0639\u0646\u0627.<br \/>\n3.3 \u0625\u0630\u0627 \u0642\u0645\u062a \u0628\u062a\u0642\u062f\u064a\u0645 \u0645\u0639\u0644\u0648\u0645\u0627\u062a\u0643 \u0627\u0644\u0634\u062e\u0635\u064a\u0629 \u0644\u0644\u0646\u0634\u0631 \u0639\u0644\u0649 \u0645\u0648\u0642\u0639\u0646\u0627 \u060c \u0641\u0633\u0646\u0642\u0648\u0645 \u0628\u0646\u0634\u0631 \u0647\u0630\u0647 \u0627\u0644\u0645\u0639\u0644\u0648\u0645\u0627\u062a \u0648\u0627\u0633\u062a\u062e\u062f\u0627\u0645\u0647\u0627 \u0628\u0637\u0631\u064a\u0642\u0629 \u0623\u062e\u0631\u0649 \u0648\u0641\u0642\u064b\u0627 \u0644\u0644\u062a\u0631\u062e\u064a\u0635 \u0627\u0644\u0630\u064a \u0642\u062f\u0645\u062a\u0647 \u0644\u0646\u0627.<\/p>\n<p style=\"text-align: right;\">3.4 \u0644\u0646 \u0646\u0642\u062f\u0645 \u0645\u0639\u0644\u0648\u0645\u0627\u062a\u0643 \u0627\u0644\u0634\u062e\u0635\u064a\u0629 \u0644\u0623\u0637\u0631\u0627\u0641 \u062b\u0627\u0644\u062b\u0629 \u0623\u0648 \u0644\u0644\u062a\u0633\u0648\u064a\u0642 \u0627\u0644\u0645\u0628\u0627\u0634\u0631 \u0644\u0623\u064a \u0637\u0631\u0641 \u062b\u0627\u0644\u062b \u062f\u0648\u0646 \u0645\u0648\u0627\u0641\u0642\u062a\u0643 \u0627\u0644\u0635\u0631\u064a\u062d\u0629.<\/p>\n<p style=\"text-align: right;\">4. \u0644\u0644\u062d\u0635\u0648\u0644 \u0639\u0644\u0649 \u0645\u0639\u0644\u0648\u0645\u0627\u062a \u062d\u0648\u0644 \u0645\u0639\u0644\u0648\u0645\u0627\u062a\u0643 \u0627\u0644\u0634\u062e\u0635\u064a\u0629 \u060c \u064a\u0645\u0643\u0646\u0643 \u0627\u0644\u0627\u062a\u0635\u0627\u0644 \u0628\u0646\u0627 \u0639\u0646 \u0637\u0631\u064a\u0642 \u0645\u0644\u0621 \u0627\u0644\u0646\u0645\u0648\u0630\u062c \u0627\u0644\u0645\u0648\u062c\u0648\u062f \u0639\u0644\u0649 \u0635\u0641\u062d\u0629 \u0627\u0644\u0627\u062a\u0635\u0627\u0644 \u0627\u0644\u062e\u0627\u0635\u0629 \u0628\u0646\u0627 \u0623\u0648 \u0639\u0646 \u0637\u0631\u064a\u0642 \u0625\u0631\u0633\u0627\u0644 \u0628\u0631\u064a\u062f \u0625\u0644\u0643\u062a\u0631\u0648\u0646\u064a \u0625\u0644\u0649 bilgi@begimgil.com.tr.<\/p>\n<p><\/p>","protected":false},"excerpt":{"rendered":"<p>1 \u0627\u0644\u0645\u0642\u062f\u0645\u0629 1.1 \u0646\u062d\u0646 \u0645\u0644\u062a\u0632\u0645\u0648\u0646 \u0628\u062d\u0645\u0627\u064a\u0629 \u062e\u0635\u0648\u0635\u064a\u0629 \u0632\u0648\u0627\u0631 \u0645\u0648\u0642\u0639\u0646\u0627 \u061b \u0641\u064a \u0647\u0630\u0647 \u0627\u0644\u0633\u064a\u0627\u0633\u0629 \u0646\u0648\u0636\u062d \u0643\u064a\u0641 \u0633\u0646\u0633\u062a\u062e\u062f\u0645 \u0645\u0639\u0644\u0648\u0645\u0627\u062a\u0643 \u0627\u0644\u0634\u062e\u0635\u064a\u0629. 1.2 \u0628\u0627\u0633\u062a\u062e\u062f\u0627\u0645 \u0645\u0648\u0642\u0639\u0646\u0627 \u0648\u0642\u0628\u0648\u0644 \u0647\u0630\u0647 \u0627\u0644\u0633\u064a\u0627\u0633\u0629 \u060c \u0641\u0625\u0646\u0643 \u062a\u0648\u0627\u0641\u0642 \u0639\u0644\u0649 \u0627\u0633\u062a\u062e\u062f\u0627\u0645\u0646\u0627 \u0644\u0645\u0644\u0641\u0627\u062a \u062a\u0639\u0631\u064a\u0641 \u0627\u0644\u0627\u0631\u062a\u0628\u0627\u0637 \u0648\u0641\u0642\u064b\u0627 \u0644\u0634\u0631\u0648\u0637 \u0647\u0630\u0647 \u0627\u0644\u0633\u064a\u0627\u0633\u0629. 2. \u062c\u0645\u0639 \u0627\u0644\u0645\u0639\u0644\u0648\u0645\u0627\u062a \u0627\u0644\u0634\u062e\u0635\u064a\u0629 2.1 \u0642\u062f \u0646\u0642\u0648\u0645 \u0628\u062c\u0645\u0639 \u0648\u062a\u062e\u0632\u064a\u0646 \u0648\u0627\u0633\u062a\u062e\u062f\u0627\u0645 \u0627\u0644\u0645\u0639\u0644\u0648\u0645\u0627\u062a \u0627\u0644\u0634\u062e\u0635\u064a\u0629 \u0627\u0644\u062a\u0627\u0644\u064a\u0629: \u0645\u0639\u0644\u0648\u0645\u0627\u062a \u062d\u0648\u0644 \u062c\u0647\u0627\u0632 \u0627\u0644\u0643\u0645\u0628\u064a\u0648\u062a\u0631 \u0627\u0644\u062e\u0627\u0635 \u0628\u0643 [&hellip;]<\/p>\n","protected":false},"author":1,"featured_media":0,"parent":0,"menu_order":0,"comment_status":"closed","ping_status":"closed","template":"","meta":[],"_links":{"self":[{"href":"https:\/\/begimgil.com.tr\/ar\/wp-json\/wp\/v2\/pages\/1290"}],"collection":[{"href":"https:\/\/begimgil.com.tr\/ar\/wp-json\/wp\/v2\/pages"}],"about":[{"href":"https:\/\/begimgil.com.tr\/ar\/wp-json\/wp\/v2\/types\/page"}],"author":[{"embeddable":true,"href":"https:\/\/begimgil.com.tr\/ar\/wp-json\/wp\/v2\/users\/1"}],"replies":[{"embeddable":true,"href":"https:\/\/begimgil.com.tr\/ar\/wp-json\/wp\/v2\/comments?post=1290"}],"version-history":[{"count":1,"href":"https:\/\/begimgil.com.tr\/ar\/wp-json\/wp\/v2\/pages\/1290\/revisions"}],"predecessor-version":[{"id":1582,"href":"https:\/\/begimgil.com.tr\/ar\/wp-json\/wp\/v2\/pages\/1290\/revisions\/1582"}],"wp:attachment":[{"href":"https:\/\/begimgil.com.tr\/ar\/wp-json\/wp\/v2\/media?parent=1290"}],"curies":[{"name":"wp","href":"https:\/\/api.w.org\/{rel}","templated":true}]}}